{"id":618,"date":"2024-03-14T14:22:59","date_gmt":"2024-03-14T14:22:59","guid":{"rendered":"https:\/\/www.dasflaxhotels.com\/?page_id=618"},"modified":"2024-03-14T14:31:07","modified_gmt":"2024-03-14T14:31:07","slug":"founding-notice","status":"publish","type":"page","link":"https:\/\/www.dasflaxhotels.com\/de\/founding-notice\/","title":{"rendered":"F\u00f6rderungshinweis"},"content":{"rendered":"<pre><img loading=\"lazy\" decoding=\"async\" class=\"size-medium wp-image-621 aligncenter\" src=\"https:\/\/www.dasflaxhotels.com\/wp-content\/uploads\/2024\/03\/permanente_erlaeuterungstafel_eu_bayernneu1-300x213.jpg\" alt=\"\" width=\"300\" height=\"213\" srcset=\"https:\/\/www.dasflaxhotels.com\/wp-content\/uploads\/2024\/03\/permanente_erlaeuterungstafel_eu_bayernneu1-300x213.jpg 300w, https:\/\/www.dasflaxhotels.com\/wp-content\/uploads\/2024\/03\/permanente_erlaeuterungstafel_eu_bayernneu1.jpg 360w\" sizes=\"auto, (max-width: 300px) 100vw, 300px\" \/><\/pre>\n<p>Das Projekt \u201edas flax allg\u00e4u\u201c wird ein Hotel mit ansprechenden Zimmern, modernem Konferenzbereich sowie einem interessanten Wellnessbereich. Die Energieeffizienz liegt dem Bauherrn besonders am Herzen und wird durch energieeffiziente Standards im Bau und aufgrund der \u00fcber\u00f6rtlichen Energiegewinnung mit nachwachsenden Rohstoffen gef\u00f6rdert.<\/p>","protected":false},"excerpt":{"rendered":"<p>Das Projekt \u201edas flax allg\u00e4u\u201c wird ein Hotel mit ansprechenden Zimmern, modernem Konferenzbereich sowie einem interessanten Wellnessbereich. Die Energieeffizienz liegt dem Bauherrn besonders am Herzen und wird durch energieeffiziente Standards im Bau und aufgrund der \u00fcber\u00f6rtlichen Energiegewinnung mit nachwachsenden Rohstoffen gef\u00f6rdert.<\/p>","protected":false},"author":1,"featured_media":0,"parent":0,"menu_order":0,"comment_status":"closed","ping_status":"closed","template":"funding-notice.php","meta":{"_acf_changed":false,"inline_featured_image":false,"footnotes":""},"class_list":["post-618","page","type-page","status-publish","hentry"],"acf":[],"_links":{"self":[{"href":"https:\/\/www.dasflaxhotels.com\/de\/wp-json\/wp\/v2\/pages\/618","targetHints":{"allow":["GET"]}}],"collection":[{"href":"https:\/\/www.dasflaxhotels.com\/de\/wp-json\/wp\/v2\/pages"}],"about":[{"href":"https:\/\/www.dasflaxhotels.com\/de\/wp-json\/wp\/v2\/types\/page"}],"author":[{"embeddable":true,"href":"https:\/\/www.dasflaxhotels.com\/de\/wp-json\/wp\/v2\/users\/1"}],"replies":[{"embeddable":true,"href":"https:\/\/www.dasflaxhotels.com\/de\/wp-json\/wp\/v2\/comments?post=618"}],"version-history":[{"count":5,"href":"https:\/\/www.dasflaxhotels.com\/de\/wp-json\/wp\/v2\/pages\/618\/revisions"}],"predecessor-version":[{"id":624,"href":"https:\/\/www.dasflaxhotels.com\/de\/wp-json\/wp\/v2\/pages\/618\/revisions\/624"}],"wp:attachment":[{"href":"https:\/\/www.dasflaxhotels.com\/de\/wp-json\/wp\/v2\/media?parent=618"}],"curies":[{"name":"wp","href":"https:\/\/api.w.org\/{rel}","templated":true}]}}